{"id":73373,"date":"2021-06-16T12:36:14","date_gmt":"2021-06-16T12:36:14","guid":{"rendered":"https:\/\/amilempresarialbrasil.com.br\/?page_id=73373"},"modified":"2023-07-24T18:38:09","modified_gmt":"2023-07-24T18:38:09","slug":"contato","status":"publish","type":"page","link":"https:\/\/vendas.compareplanodesaude.com.br\/sulamerica-saude\/contato\/","title":{"rendered":"Contato"},"content":{"rendered":"\t\t<div data-elementor-type=\"wp-page\" data-elementor-id=\"73373\" class=\"elementor elementor-73373\" data-elementor-post-type=\"page\">\n\t\t\t\t\t\t<section class=\"elementor-section elementor-top-section elementor-element elementor-element-719e006a elementor-section-boxed elementor-section-height-default elementor-section-height-default\" data-id=\"719e006a\" data-element_type=\"section\" data-settings=\"{&quot;background_background&quot;:&quot;classic&quot;}\">\n\t\t\t\t\t\t\t<div class=\"elementor-background-overlay\"><\/div>\n\t\t\t\t\t\t\t<div class=\"elementor-container elementor-column-gap-default\">\n\t\t\t\t\t<div class=\"elementor-column elementor-col-50 elementor-top-column elementor-element elementor-element-457ec29a\" data-id=\"457ec29a\" data-element_type=\"column\">\n\t\t\t<div class=\"elementor-widget-wrap elementor-element-populated\">\n\t\t\t\t\t\t<div class=\"elementor-element elementor-element-5be8e50e elementor-widget elementor-widget-heading\" data-id=\"5be8e50e\" data-element_type=\"widget\" data-widget_type=\"heading.default\">\n\t\t\t\t<div class=\"elementor-widget-container\">\n\t\t\t\t\t<h2 class=\"elementor-heading-title elementor-size-default\">Contato <\/h2>\t\t\t\t<\/div>\n\t\t\t\t<\/div>\n\t\t\t\t<div class=\"elementor-element elementor-element-3c125fd8 elementor-widget elementor-widget-text-editor\" data-id=\"3c125fd8\" data-element_type=\"widget\" data-widget_type=\"text-editor.default\">\n\t\t\t\t<div class=\"elementor-widget-container\">\n\t\t\t\t\t\t\t\t\t<p>Deixe suas d\u00favidas, sugest\u00f5es,<\/p><p>elogios ou reclama\u00e7\u00f5es.<\/p>\t\t\t\t\t\t\t\t<\/div>\n\t\t\t\t<\/div>\n\t\t\t\t<div class=\"elementor-element elementor-element-5dd41285 elementor-widget-divider--view-line elementor-widget elementor-widget-divider\" data-id=\"5dd41285\" data-element_type=\"widget\" data-widget_type=\"divider.default\">\n\t\t\t\t<div class=\"elementor-widget-container\">\n\t\t\t\t\t\t\t<div class=\"elementor-divider\">\n\t\t\t<span class=\"elementor-divider-separator\">\n\t\t\t\t\t\t<\/span>\n\t\t<\/div>\n\t\t\t\t\t\t<\/div>\n\t\t\t\t<\/div>\n\t\t\t\t<div class=\"elementor-element elementor-element-21916566 elementor-widget elementor-widget-text-editor\" data-id=\"21916566\" data-element_type=\"widget\" data-widget_type=\"text-editor.default\">\n\t\t\t\t<div class=\"elementor-widget-container\">\n\t\t\t\t\t\t\t\t\t<p>Fale com um de nossos consultores especializados<\/p><p><a style=\"color: #02adff;\" href=\"tel:+551138637901\">(11) 3863-7901<\/a><\/p><p>Consultoria Especializada<\/p><p><a style=\"color: #02adff;\" href=\"https:\/\/api.whatsapp.com\/send?phone=5511964929380&amp;text=Ol%C3%A1,%20gostaria%20de%20uma%20cota%C3%A7%C3%A3o%20do%20plano%20de%20sa%C3%BAde%20da%20Amil!\">(11) 96492-9380<\/a><\/p><p>Atendimento 24 horas<\/p>\t\t\t\t\t\t\t\t<\/div>\n\t\t\t\t<\/div>\n\t\t\t\t\t<\/div>\n\t\t<\/div>\n\t\t\t\t<div class=\"elementor-column elementor-col-50 elementor-top-column elementor-element elementor-element-4865ac14\" data-id=\"4865ac14\" data-element_type=\"column\">\n\t\t\t<div class=\"elementor-widget-wrap elementor-element-populated\">\n\t\t\t\t\t\t<div class=\"elementor-element elementor-element-54af4c3e desconto-form elementor-widget elementor-widget-wpforms\" data-id=\"54af4c3e\" data-element_type=\"widget\" data-widget_type=\"wpforms.default\">\n\t\t\t\t<div class=\"elementor-widget-container\">\n\t\t\t\t\t<div class=\"wpforms-container wpforms-container-full wpforms-form-abandonment\" id=\"wpforms-30191\"><form id=\"wpforms-form-30191\" class=\"wpforms-validate wpforms-form\" data-formid=\"30191\" method=\"post\" enctype=\"multipart\/form-data\" action=\"\/sulamerica-saude\/wp-json\/wp\/v2\/pages\/73373\" data-token=\"19ae3be48e39fbe65c0bd67c88fb715f\" data-token-time=\"1777449693\"><div class=\"wpforms-head-container\"><div class=\"wpforms-title\">Fale conosco<\/div><\/div><noscript class=\"wpforms-error-noscript\">Ative o JavaScript no seu navegador para preencher este formul\u00e1rio.<\/noscript><div class=\"wpforms-field-container\"><div id=\"wpforms-30191-field_26-container\" class=\"wpforms-field wpforms-field-hidden campo_gclid_js\" data-field-id=\"26\"><input type=\"hidden\" id=\"wpforms-30191-field_26\" name=\"wpforms[fields][26]\"><\/div><div id=\"wpforms-30191-field_15-container\" class=\"wpforms-field wpforms-field-name placeholder-black\" data-field-id=\"15\"><label class=\"wpforms-field-label wpforms-label-hide\" for=\"wpforms-30191-field_15\">Nome <span class=\"wpforms-required-label\">*<\/span><\/label><input type=\"text\" id=\"wpforms-30191-field_15\" class=\"wpforms-field-large wpforms-field-required\" name=\"wpforms[fields][15]\" placeholder=\"Nome\" required><\/div><div id=\"wpforms-30191-field_19-container\" class=\"wpforms-field wpforms-field-email\" data-field-id=\"19\"><label class=\"wpforms-field-label wpforms-label-hide\" for=\"wpforms-30191-field_19\">e-mail <span class=\"wpforms-required-label\">*<\/span><\/label><input type=\"email\" id=\"wpforms-30191-field_19\" class=\"wpforms-field-large wpforms-field-required\" name=\"wpforms[fields][19]\" placeholder=\"E-mail\" spellcheck=\"false\" required><\/div><div id=\"wpforms-30191-field_25-container\" class=\"wpforms-field wpforms-field-text\" data-field-id=\"25\"><label class=\"wpforms-field-label wpforms-label-hide\" for=\"wpforms-30191-field_25\">Celular <span class=\"wpforms-required-label\">*<\/span><\/label><input type=\"text\" id=\"wpforms-30191-field_25\" class=\"wpforms-field-large wpforms-field-required wpforms-masked-input\" data-rule-inputmask-incomplete=\"1\" data-inputmask-mask=\"((99) 9999-9999[9][9][9]|+99 999999-999[9][9][9])\" name=\"wpforms[fields][25]\" placeholder=\"Celular\" required><\/div><div id=\"wpforms-30191-field_21-container\" class=\"wpforms-field wpforms-field-radio formsemcor wpforms-list-inline wpforms-conditional-trigger\" data-field-id=\"21\"><label class=\"wpforms-field-label wpforms-label-hide\">Tipo de cliente<\/label><ul id=\"wpforms-30191-field_21\" class=\"wpforms-image-choices wpforms-image-choices-modern\"><li class=\"choice-1 depth-1 wpforms-image-choices-item\"><label class=\"wpforms-field-label-inline\" for=\"wpforms-30191-field_21_1\" tabindex=\"0\"><span class=\"wpforms-image-choices-image\"><\/span><input type=\"radio\" id=\"wpforms-30191-field_21_1\" class=\"wpforms-screen-reader-element\" name=\"wpforms[fields][21]\" value=\"J\u00e1 sou cliente\" tabindex=\"-1\"  ><span class=\"wpforms-image-choices-label\">J\u00e1 sou cliente<\/span><\/label><\/li><li class=\"choice-2 depth-1 wpforms-image-choices-item\"><label class=\"wpforms-field-label-inline\" for=\"wpforms-30191-field_21_2\" tabindex=\"0\"><span class=\"wpforms-image-choices-image\"><\/span><input type=\"radio\" id=\"wpforms-30191-field_21_2\" class=\"wpforms-screen-reader-element\" name=\"wpforms[fields][21]\" value=\"N\u00e3o sou cliente\" tabindex=\"-1\"  ><span class=\"wpforms-image-choices-label\">N\u00e3o sou cliente<\/span><\/label><\/li><\/ul><\/div><div id=\"wpforms-30191-field_22-container\" class=\"wpforms-field wpforms-field-html wpforms-conditional-field wpforms-conditional-show\" data-field-id=\"22\" style=\"display:none;\"><div id=\"wpforms-30191-field_22\"><div class=\"et_pb_column et_pb_column_4_4 et_pb_column_2 et_pb_css_mix_blend_mode_passthrough et-last-child\">\r\n\t\t\t\t\t\t\t\r\n<div class=\"et_pb_module et_pb_accordion et_pb_accordion_0\">\r\n\t\t\t\t\t\t\t\r\n<div class=\"et_pb_toggle et_pb_module et_pb_accordion_item et_pb_accordion_item_0  et_pb_toggle_open\">\r\n\t\t\t\t\t\t\t\r\n<h5 class=\"et_pb_toggle_title\">Movimenta\u00e7\u00e3o Cadastral<\/h5>\r\n<div class=\"et_pb_toggle_content clearfix\">\r\n<p>Inclus\u00e3o e exclus\u00e3o de dependentes, altera\u00e7\u00e3o de dados, entre outros servi\u00e7os. <br \/>\r\n3004-1000 Capitais e regi\u00f5es metropolitanas.<br \/> \r\n0800-706-2363 Demais localidades.<\/p>\r\n<\/div> <!-- .et_pb_toggle_content -->\r\n<\/div> <!-- .et_pb_toggle --><div class=\"et_pb_toggle et_pb_module et_pb_accordion_item et_pb_accordion_item_1  et_pb_toggle_close\">\r\n\t\t\t\t\r\n<h5 class=\"et_pb_toggle_title\">Segunda Via de boleto<\/h5>\r\n<div class=\"et_pb_toggle_content clearfix\">\r\n<p>3004-1000 Capitais e regi\u00f5es metropolitanas. <br \/>\r\n0800-706-2363 Demais localidades.<\/p>\r\n<\/div> <!-- .et_pb_toggle_content -->\r\n<\/div> <!-- .et_pb_toggle --><div class=\"et_pb_toggle et_pb_module et_pb_accordion_item et_pb_accordion_item_2  et_pb_toggle_close\">\r\n\t\t\t\t\r\n<h5 class=\"et_pb_toggle_title\">Agendamento<\/h5>\r\n<div class=\"et_pb_toggle_content clearfix\">\r\n<p>3004-1000 Capitais e regi\u00f5es metropolitanas. <br \/>\r\n0800-706-2363 Demais localidades.<\/p>\r\n<\/div> <!-- .et_pb_toggle_content -->\r\n<\/div> <!-- .et_pb_toggle --><div class=\"et_pb_toggle et_pb_module et_pb_accordion_item et_pb_accordion_item_3  et_pb_toggle_close\">\r\n\t\t\t\t\r\n\t\t\t\t\r\n<h5 class=\"et_pb_toggle_title\">Outros<\/h5>\r\n<div class=\"et_pb_toggle_content clearfix\">\r\n<p>3004-1000 Capitais e regi\u00f5es metropolitanas. <br \/>\r\n0800-706-2363 Demais localidades.<\/p>\r\n<\/div> <!-- .et_pb_toggle_content -->\r\n<\/div> <!-- .et_pb_toggle -->\r\n<\/div> <!-- .et_pb_accordion -->\r\n<\/div><\/div><\/div><div id=\"wpforms-30191-field_23-container\" class=\"wpforms-field wpforms-field-html wpforms-conditional-field wpforms-conditional-show\" data-field-id=\"23\" style=\"display:none;\"><div id=\"wpforms-30191-field_23\"><div class=\"et_pb_column et_pb_column_4_4 et_pb_column_2 et_pb_css_mix_blend_mode_passthrough et-last-child\">\r\n\t\t\t\t\t\t\t\r\n<div class=\"et_pb_module et_pb_accordion et_pb_accordion_0\">\r\n\t\t\t\t\t\t\t\r\n<div class=\"et_pb_toggle et_pb_module et_pb_accordion_item et_pb_accordion_item_0  et_pb_toggle_open\">\r\n\t\t\t\t\t\t\t\r\n<h5 class=\"et_pb_toggle_title\">Cota\u00e7\u00e3o<\/h5>\r\n<div class=\"et_pb_toggle_content clearfix\">\r\n<p>Solicite uma cota\u00e7\u00e3o online e um de nossos consultores entrar\u00e1 em contato.<\/p>\r\n<\/div> <!-- .et_pb_toggle_content -->\r\n<\/div> <!-- .et_pb_toggle --><div class=\"et_pb_toggle et_pb_module et_pb_accordion_item et_pb_accordion_item_1  et_pb_toggle_close\">\r\n\t\t\t\t\r\n<h5 class=\"et_pb_toggle_title\">Carta de Perman\u00eancia<\/h5>\r\n<div class=\"et_pb_toggle_content clearfix\">\r\n<p>Para solicitar sua carta de perman\u00eancia entre em contato atrav\u00e9s dos n\u00fameros: <br \/>\r\n(11) 3863-7906<br \/>\r\n(11) 99466-9922<\/p>\r\n<\/div> <!-- .et_pb_toggle_content -->\r\n<\/div> <!-- .et_pb_toggle --><div class=\"et_pb_toggle et_pb_module et_pb_accordion_item et_pb_accordion_item_2  et_pb_toggle_close\">\r\n\t\t\t\t\r\n\t\t\t\t\r\n<h5 class=\"et_pb_toggle_title\">Outros<\/h5>\r\n<div class=\"et_pb_toggle_content clearfix\">\r\n<p>Para outras solicita\u00e7\u00f5es entre em contato: <br \/> \r\n(11) 3863-7906<br \/>\r\n(11) 99466-9922<\/p><\/div> <!-- .et_pb_toggle_content -->\r\n<\/div> <!-- .et_pb_toggle --><div class=\"et_pb_toggle et_pb_module et_pb_accordion_item et_pb_accordion_item_4  et_pb_toggle_close\">\r\n\t\t\t\t\r\n<\/div> <!-- .et_pb_toggle -->\r\n<\/div> <!-- .et_pb_accordion -->\r\n<\/div><\/div><\/div><div id=\"wpforms-30191-field_20-container\" class=\"wpforms-field wpforms-field-textarea\" data-field-id=\"20\"><label class=\"wpforms-field-label wpforms-label-hide\" for=\"wpforms-30191-field_20\">Mensagem<\/label><textarea id=\"wpforms-30191-field_20\" class=\"wpforms-field-medium\" name=\"wpforms[fields][20]\" placeholder=\"Digite aqui sua mensagem\" ><\/textarea><\/div><\/div><!-- .wpforms-field-container --><div class=\"wpforms-submit-container\" ><input type=\"hidden\" name=\"wpforms[id]\" value=\"30191\"><input type=\"hidden\" name=\"page_title\" value=\"\"><input type=\"hidden\" name=\"page_url\" value=\"https:\/\/vendas.compareplanodesaude.com.br\/sulamerica-saude\/wp-json\/wp\/v2\/pages\/73373\"><input type=\"hidden\" name=\"url_referer\" value=\"\"><button type=\"submit\" name=\"wpforms[submit]\" id=\"wpforms-submit-30191\" class=\"wpforms-submit\" data-alt-text=\"ENVIANDO\" data-submit-text=\"ENVIAR\" aria-live=\"assertive\" value=\"wpforms-submit\">ENVIAR<\/button><\/div><\/form><\/div>  <!-- .wpforms-container -->\t\t\t\t<\/div>\n\t\t\t\t<\/div>\n\t\t\t\t\t<\/div>\n\t\t<\/div>\n\t\t\t\t\t<\/div>\n\t\t<\/section>\n\t\t\t\t<\/div>\n\t\t","protected":false},"excerpt":{"rendered":"<p>Contato Deixe suas d\u00favidas, sugest\u00f5es, elogios ou reclama\u00e7\u00f5es. Fale com um de nossos consultores especializados (11) 3863-7901 Consultoria Especializada (11) 96492-9380 Atendimento 24 horas<\/p>\n","protected":false},"author":1,"featured_media":0,"parent":0,"menu_order":0,"comment_status":"closed","ping_status":"closed","template":"","meta":{"_monsterinsights_skip_tracking":false,"_monsterinsights_sitenote_active":false,"_monsterinsights_sitenote_note":"","_monsterinsights_sitenote_category":0,"footnotes":""},"class_list":["post-73373","page","type-page","status-publish","hentry"],"yoast_head":"<!-- This site is optimized with the Yoast SEO plugin v26.3 - https:\/\/yoast.com\/wordpress\/plugins\/seo\/ -->\n<title>Contato - Sulam\u00e9rica - Planos de Sa\u00fade com at\u00e9 50% de desconto<\/title>\n<meta name=\"robots\" content=\"index, follow, max-snippet:-1, max-image-preview:large, max-video-preview:-1\" \/>\n<link rel=\"canonical\" href=\"https:\/\/vendas.compareplanodesaude.com.br\/sulamerica-saude\/contato\/\" \/>\n<meta property=\"og:locale\" content=\"pt_BR\" \/>\n<meta property=\"og:type\" content=\"article\" \/>\n<meta property=\"og:title\" content=\"Contato - Sulam\u00e9rica - Planos de Sa\u00fade com at\u00e9 50% de desconto\" \/>\n<meta property=\"og:description\" content=\"Contato Deixe suas d\u00favidas, sugest\u00f5es, elogios ou reclama\u00e7\u00f5es. Fale com um de nossos consultores especializados (11) 3863-7901 Consultoria Especializada (11) 96492-9380 Atendimento 24 horas\" \/>\n<meta property=\"og:url\" content=\"https:\/\/vendas.compareplanodesaude.com.br\/sulamerica-saude\/contato\/\" \/>\n<meta property=\"og:site_name\" content=\"Sulam\u00e9rica - Planos de Sa\u00fade com at\u00e9 50% de desconto\" \/>\n<meta property=\"article:modified_time\" content=\"2023-07-24T18:38:09+00:00\" \/>\n<meta name=\"twitter:card\" content=\"summary_large_image\" \/>\n<meta name=\"twitter:label1\" content=\"Est. tempo de leitura\" \/>\n\t<meta name=\"twitter:data1\" content=\"1 minuto\" \/>\n<script type=\"application\/ld+json\" class=\"yoast-schema-graph\">{\"@context\":\"https:\/\/schema.org\",\"@graph\":[{\"@type\":\"WebPage\",\"@id\":\"https:\/\/vendas.compareplanodesaude.com.br\/sulamerica-saude\/contato\/\",\"url\":\"https:\/\/vendas.compareplanodesaude.com.br\/sulamerica-saude\/contato\/\",\"name\":\"Contato - Sulam\u00e9rica - Planos de Sa\u00fade com at\u00e9 50% de desconto\",\"isPartOf\":{\"@id\":\"https:\/\/vendas.compareplanodesaude.com.br\/sulamerica-saude\/#website\"},\"datePublished\":\"2021-06-16T12:36:14+00:00\",\"dateModified\":\"2023-07-24T18:38:09+00:00\",\"inLanguage\":\"pt-BR\",\"potentialAction\":[{\"@type\":\"ReadAction\",\"target\":[\"https:\/\/vendas.compareplanodesaude.com.br\/sulamerica-saude\/contato\/\"]}]},{\"@type\":\"WebSite\",\"@id\":\"https:\/\/vendas.compareplanodesaude.com.br\/sulamerica-saude\/#website\",\"url\":\"https:\/\/vendas.compareplanodesaude.com.br\/sulamerica-saude\/\",\"name\":\"Sulam\u00e9rica - Planos de Sa\u00fade com at\u00e9 50% de desconto\",\"description\":\"Planos de Sa\u00fade Sulam\u00e9rica\",\"potentialAction\":[{\"@type\":\"SearchAction\",\"target\":{\"@type\":\"EntryPoint\",\"urlTemplate\":\"https:\/\/vendas.compareplanodesaude.com.br\/sulamerica-saude\/?s={search_term_string}\"},\"query-input\":{\"@type\":\"PropertyValueSpecification\",\"valueRequired\":true,\"valueName\":\"search_term_string\"}}],\"inLanguage\":\"pt-BR\"}]}<\/script>\n<!-- \/ Yoast SEO plugin. -->","yoast_head_json":{"title":"Contato - Sulam\u00e9rica - Planos de Sa\u00fade com at\u00e9 50% de desconto","robots":{"index":"index","follow":"follow","max-snippet":"max-snippet:-1","max-image-preview":"max-image-preview:large","max-video-preview":"max-video-preview:-1"},"canonical":"https:\/\/vendas.compareplanodesaude.com.br\/sulamerica-saude\/contato\/","og_locale":"pt_BR","og_type":"article","og_title":"Contato - Sulam\u00e9rica - Planos de Sa\u00fade com at\u00e9 50% de desconto","og_description":"Contato Deixe suas d\u00favidas, sugest\u00f5es, elogios ou reclama\u00e7\u00f5es. Fale com um de nossos consultores especializados (11) 3863-7901 Consultoria Especializada (11) 96492-9380 Atendimento 24 horas","og_url":"https:\/\/vendas.compareplanodesaude.com.br\/sulamerica-saude\/contato\/","og_site_name":"Sulam\u00e9rica - Planos de Sa\u00fade com at\u00e9 50% de desconto","article_modified_time":"2023-07-24T18:38:09+00:00","twitter_card":"summary_large_image","twitter_misc":{"Est. tempo de leitura":"1 minuto"},"schema":{"@context":"https:\/\/schema.org","@graph":[{"@type":"WebPage","@id":"https:\/\/vendas.compareplanodesaude.com.br\/sulamerica-saude\/contato\/","url":"https:\/\/vendas.compareplanodesaude.com.br\/sulamerica-saude\/contato\/","name":"Contato - Sulam\u00e9rica - Planos de Sa\u00fade com at\u00e9 50% de desconto","isPartOf":{"@id":"https:\/\/vendas.compareplanodesaude.com.br\/sulamerica-saude\/#website"},"datePublished":"2021-06-16T12:36:14+00:00","dateModified":"2023-07-24T18:38:09+00:00","inLanguage":"pt-BR","potentialAction":[{"@type":"ReadAction","target":["https:\/\/vendas.compareplanodesaude.com.br\/sulamerica-saude\/contato\/"]}]},{"@type":"WebSite","@id":"https:\/\/vendas.compareplanodesaude.com.br\/sulamerica-saude\/#website","url":"https:\/\/vendas.compareplanodesaude.com.br\/sulamerica-saude\/","name":"Sulam\u00e9rica - Planos de Sa\u00fade com at\u00e9 50% de desconto","description":"Planos de Sa\u00fade Sulam\u00e9rica","potentialAction":[{"@type":"SearchAction","target":{"@type":"EntryPoint","urlTemplate":"https:\/\/vendas.compareplanodesaude.com.br\/sulamerica-saude\/?s={search_term_string}"},"query-input":{"@type":"PropertyValueSpecification","valueRequired":true,"valueName":"search_term_string"}}],"inLanguage":"pt-BR"}]}},"_links":{"self":[{"href":"https:\/\/vendas.compareplanodesaude.com.br\/sulamerica-saude\/wp-json\/wp\/v2\/pages\/73373","targetHints":{"allow":["GET"]}}],"collection":[{"href":"https:\/\/vendas.compareplanodesaude.com.br\/sulamerica-saude\/wp-json\/wp\/v2\/pages"}],"about":[{"href":"https:\/\/vendas.compareplanodesaude.com.br\/sulamerica-saude\/wp-json\/wp\/v2\/types\/page"}],"author":[{"embeddable":true,"href":"https:\/\/vendas.compareplanodesaude.com.br\/sulamerica-saude\/wp-json\/wp\/v2\/users\/1"}],"replies":[{"embeddable":true,"href":"https:\/\/vendas.compareplanodesaude.com.br\/sulamerica-saude\/wp-json\/wp\/v2\/comments?post=73373"}],"version-history":[{"count":1,"href":"https:\/\/vendas.compareplanodesaude.com.br\/sulamerica-saude\/wp-json\/wp\/v2\/pages\/73373\/revisions"}],"predecessor-version":[{"id":99755,"href":"https:\/\/vendas.compareplanodesaude.com.br\/sulamerica-saude\/wp-json\/wp\/v2\/pages\/73373\/revisions\/99755"}],"wp:attachment":[{"href":"https:\/\/vendas.compareplanodesaude.com.br\/sulamerica-saude\/wp-json\/wp\/v2\/media?parent=73373"}],"curies":[{"name":"wp","href":"https:\/\/api.w.org\/{rel}","templated":true}]}}