{"id":62464,"date":"2019-06-11T18:48:58","date_gmt":"2019-06-11T18:48:58","guid":{"rendered":"https:\/\/sulamericasaudeempresarial.com.br\/?page_id=62464"},"modified":"2026-02-26T17:41:26","modified_gmt":"2026-02-26T17:41:26","slug":"torne-se-cliente","status":"publish","type":"page","link":"https:\/\/vendas.compareplanodesaude.com.br\/sulamerica-saude\/torne-se-cliente\/","title":{"rendered":"SulAm\u00e9rica Sa\u00fade &#8211; Torne-se Cliente"},"content":{"rendered":"\t\t<div data-elementor-type=\"wp-page\" data-elementor-id=\"62464\" class=\"elementor elementor-62464\" data-elementor-post-type=\"page\">\n\t\t\t\t\t\t<section class=\"elementor-section elementor-top-section elementor-element elementor-element-11961f95 elementor-section-boxed elementor-section-height-default elementor-section-height-default\" data-id=\"11961f95\" data-element_type=\"section\" data-settings=\"{&quot;background_background&quot;:&quot;classic&quot;}\">\n\t\t\t\t\t\t\t<div class=\"elementor-background-overlay\"><\/div>\n\t\t\t\t\t\t\t<div class=\"elementor-container elementor-column-gap-default\">\n\t\t\t\t\t<div class=\"elementor-column elementor-col-50 elementor-top-column elementor-element elementor-element-664b29ec\" data-id=\"664b29ec\" data-element_type=\"column\">\n\t\t\t<div class=\"elementor-widget-wrap elementor-element-populated\">\n\t\t\t\t\t\t<div class=\"elementor-element elementor-element-4471c4c7 elementor-widget elementor-widget-heading\" data-id=\"4471c4c7\" data-element_type=\"widget\" data-widget_type=\"heading.default\">\n\t\t\t\t<div class=\"elementor-widget-container\">\n\t\t\t\t\t<h1 class=\"elementor-heading-title elementor-size-default\">Torne-se cliente!<\/h1>\t\t\t\t<\/div>\n\t\t\t\t<\/div>\n\t\t\t\t<div class=\"elementor-element elementor-element-575959b0 elementor-widget-divider--view-line elementor-widget elementor-widget-divider\" data-id=\"575959b0\" data-element_type=\"widget\" data-widget_type=\"divider.default\">\n\t\t\t\t<div class=\"elementor-widget-container\">\n\t\t\t\t\t\t\t<div class=\"elementor-divider\">\n\t\t\t<span class=\"elementor-divider-separator\">\n\t\t\t\t\t\t<\/span>\n\t\t<\/div>\n\t\t\t\t\t\t<\/div>\n\t\t\t\t<\/div>\n\t\t\t\t<div class=\"elementor-element elementor-element-2a851ad5 elementor-widget elementor-widget-text-editor\" data-id=\"2a851ad5\" data-element_type=\"widget\" data-widget_type=\"text-editor.default\">\n\t\t\t\t<div class=\"elementor-widget-container\">\n\t\t\t\t\t\t\t\t\tPreencha o formul\u00e1rio e torne-se um benefici\u00e1rio do Plano de Sa\u00fade SulAm\u00e9rica com a Compare Plano de Sa\u00fade.\t\t\t\t\t\t\t\t<\/div>\n\t\t\t\t<\/div>\n\t\t\t\t\t<\/div>\n\t\t<\/div>\n\t\t\t\t<div class=\"elementor-column elementor-col-50 elementor-top-column elementor-element elementor-element-6def19bf\" data-id=\"6def19bf\" data-element_type=\"column\">\n\t\t\t<div class=\"elementor-widget-wrap elementor-element-populated\">\n\t\t\t\t\t\t<div class=\"elementor-element elementor-element-4d3c864c desconto-form elementor-widget elementor-widget-wpforms\" data-id=\"4d3c864c\" data-element_type=\"widget\" data-widget_type=\"wpforms.default\">\n\t\t\t\t<div class=\"elementor-widget-container\">\n\t\t\t\t\t<div class=\"wpforms-container wpforms-container-full wpforms-form-abandonment desconto-form\" id=\"wpforms-62457\"><form id=\"wpforms-form-62457\" class=\"wpforms-validate wpforms-form\" data-formid=\"62457\" method=\"post\" enctype=\"multipart\/form-data\" action=\"\/sulamerica-saude\/wp-json\/wp\/v2\/pages\/62464\" data-token=\"7ed5fc2527c3ee3dc6e824f396a00f8f\" data-token-time=\"1777454645\"><noscript class=\"wpforms-error-noscript\">Ative o JavaScript no seu navegador para preencher este formul\u00e1rio.<\/noscript><div class=\"wpforms-field-container\"><div id=\"wpforms-62457-field_23-container\" class=\"wpforms-field wpforms-field-hidden campo_gclid_js\" data-field-id=\"23\"><input type=\"hidden\" id=\"wpforms-62457-field_23\" name=\"wpforms[fields][23]\"><\/div><div id=\"wpforms-62457-field_1-container\" class=\"wpforms-field wpforms-field-name label-full\" data-field-id=\"1\"><label class=\"wpforms-field-label wpforms-label-hide\" for=\"wpforms-62457-field_1\">Nome <span class=\"wpforms-required-label\">*<\/span><\/label><input type=\"text\" id=\"wpforms-62457-field_1\" class=\"wpforms-field-large wpforms-field-required\" name=\"wpforms[fields][1]\" placeholder=\"Nome\" required><\/div><div id=\"wpforms-62457-field_2-container\" class=\"wpforms-field wpforms-field-email label-full\" data-field-id=\"2\"><label class=\"wpforms-field-label wpforms-label-hide\" for=\"wpforms-62457-field_2\">e-mail <span class=\"wpforms-required-label\">*<\/span><\/label><input type=\"email\" id=\"wpforms-62457-field_2\" class=\"wpforms-field-large wpforms-field-required\" name=\"wpforms[fields][2]\" placeholder=\"E-mail\" spellcheck=\"false\" required><\/div><div id=\"wpforms-62457-field_21-container\" class=\"wpforms-field wpforms-field-text label-full\" data-field-id=\"21\"><label class=\"wpforms-field-label wpforms-label-hide\" for=\"wpforms-62457-field_21\">telefone <span class=\"wpforms-required-label\">*<\/span><\/label><input type=\"text\" id=\"wpforms-62457-field_21\" class=\"wpforms-field-large wpforms-field-required wpforms-masked-input\" data-rule-inputmask-incomplete=\"1\" data-inputmask-mask=\"((99) 9999-9999[9][9][9]|+99 999999-999[9][9][9])\" name=\"wpforms[fields][21]\" placeholder=\"Telefone\" required><\/div><div id=\"wpforms-62457-field_3-container\" class=\"wpforms-field wpforms-field-text label-full\" data-field-id=\"3\"><label class=\"wpforms-field-label wpforms-label-hide\" for=\"wpforms-62457-field_3\">celular <span class=\"wpforms-required-label\">*<\/span><\/label><input type=\"text\" id=\"wpforms-62457-field_3\" class=\"wpforms-field-large wpforms-field-required wpforms-masked-input\" data-rule-inputmask-incomplete=\"1\" data-inputmask-mask=\"((99) 9999-9999[9][9][9]|+99 999999-999[9][9][9])\" name=\"wpforms[fields][3]\" placeholder=\"Celular\" required><\/div><div id=\"wpforms-62457-field_22-container\" class=\"wpforms-field wpforms-field-html textformpadleft\" data-field-id=\"22\"><div id=\"wpforms-62457-field_22\"><p>Escolha o tipo do Plano<\/p><\/div><\/div><div id=\"wpforms-62457-field_4-container\" class=\"wpforms-field wpforms-field-radio formsemcor wpforms-list-inline wpforms-conditional-trigger\" data-field-id=\"4\"><label class=\"wpforms-field-label wpforms-label-hide\">Escolha o tipo do Plano <span class=\"wpforms-required-label\">*<\/span><\/label><ul id=\"wpforms-62457-field_4\" class=\"wpforms-field-required wpforms-image-choices wpforms-image-choices-modern\"><li class=\"choice-4 depth-1 wpforms-image-choices-item\"><label class=\"wpforms-field-label-inline\" for=\"wpforms-62457-field_4_4\" tabindex=\"0\"><span class=\"wpforms-image-choices-image\"><\/span><input type=\"radio\" id=\"wpforms-62457-field_4_4\" class=\"wpforms-screen-reader-element\" name=\"wpforms[fields][4]\" value=\"Empresarial\" tabindex=\"-1\" required ><span class=\"wpforms-image-choices-label\">Empresarial<\/span><\/label><\/li><li class=\"choice-2 depth-1 wpforms-image-choices-item\"><label class=\"wpforms-field-label-inline\" for=\"wpforms-62457-field_4_2\" tabindex=\"0\"><span class=\"wpforms-image-choices-image\"><\/span><input type=\"radio\" id=\"wpforms-62457-field_4_2\" class=\"wpforms-screen-reader-element\" name=\"wpforms[fields][4]\" value=\"Individual e Familiar\" tabindex=\"-1\" required ><span class=\"wpforms-image-choices-label\">Individual e Familiar<\/span><\/label><\/li><\/ul><\/div><div id=\"wpforms-62457-field_5-container\" class=\"wpforms-field wpforms-field-radio desconto-form-lifes wpforms-list-inline wpforms-conditional-field wpforms-conditional-show wpforms-conditional-trigger\" data-field-id=\"5\" style=\"display:none;\"><label class=\"wpforms-field-label\">N\u00famero de vidas <span class=\"wpforms-required-label\">*<\/span><\/label><ul id=\"wpforms-62457-field_5\" class=\"wpforms-field-required\"><li class=\"choice-1 depth-1\"><input type=\"radio\" id=\"wpforms-62457-field_5_1\" name=\"wpforms[fields][5]\" value=\"1 at\u00e9 10\" required ><label class=\"wpforms-field-label-inline\" for=\"wpforms-62457-field_5_1\">1 at\u00e9 10<\/label><\/li><li class=\"choice-2 depth-1\"><input type=\"radio\" id=\"wpforms-62457-field_5_2\" name=\"wpforms[fields][5]\" value=\"11 a 29\" required ><label class=\"wpforms-field-label-inline\" for=\"wpforms-62457-field_5_2\">11 a 29<\/label><\/li><li class=\"choice-5 depth-1\"><input type=\"radio\" id=\"wpforms-62457-field_5_5\" name=\"wpforms[fields][5]\" value=\"30 a 99\" required ><label class=\"wpforms-field-label-inline\" for=\"wpforms-62457-field_5_5\">30 a 99<\/label><\/li><li class=\"choice-6 depth-1\"><input type=\"radio\" id=\"wpforms-62457-field_5_6\" name=\"wpforms[fields][5]\" value=\"100 +\" required ><label class=\"wpforms-field-label-inline\" for=\"wpforms-62457-field_5_6\">100 +<\/label><\/li><\/ul><\/div><div id=\"wpforms-62457-field_6-container\" class=\"wpforms-field wpforms-field-text wpforms-conditional-field wpforms-conditional-show\" data-field-id=\"6\" style=\"display:none;\"><label class=\"wpforms-field-label wpforms-label-hide\" for=\"wpforms-62457-field_6\">Idade das vidas<\/label><input type=\"text\" id=\"wpforms-62457-field_6\" class=\"wpforms-field-large\" name=\"wpforms[fields][6]\" placeholder=\"Idade das vidas\" ><\/div><div id=\"wpforms-62457-field_12-container\" class=\"wpforms-field wpforms-field-radio wpforms-list-2-columns wpforms-conditional-field wpforms-conditional-show wpforms-conditional-trigger\" data-field-id=\"12\" style=\"display:none;\"><label class=\"wpforms-field-label\">Prefer\u00eancia de atendimento em algum hospital ou regi\u00e3o espec\u00edfica?<\/label><ul id=\"wpforms-62457-field_12\"><li class=\"choice-1 depth-1\"><input type=\"radio\" id=\"wpforms-62457-field_12_1\" name=\"wpforms[fields][12]\" value=\"Sim\"  ><label class=\"wpforms-field-label-inline\" for=\"wpforms-62457-field_12_1\">Sim<\/label><\/li><li class=\"choice-2 depth-1\"><input type=\"radio\" id=\"wpforms-62457-field_12_2\" name=\"wpforms[fields][12]\" value=\"N\u00e3o\"  ><label class=\"wpforms-field-label-inline\" for=\"wpforms-62457-field_12_2\">N\u00e3o<\/label><\/li><\/ul><\/div><div id=\"wpforms-62457-field_18-container\" class=\"wpforms-field wpforms-field-text wpforms-conditional-field wpforms-conditional-show\" data-field-id=\"18\" style=\"display:none;\"><label class=\"wpforms-field-label wpforms-label-hide\" for=\"wpforms-62457-field_18\">Especifique o Hospital \/ Regi\u00e3o<\/label><input type=\"text\" id=\"wpforms-62457-field_18\" class=\"wpforms-field-large\" name=\"wpforms[fields][18]\" placeholder=\"Especifique o Hospital \/ Regi\u00e3o\" ><\/div><div id=\"wpforms-62457-field_14-container\" class=\"wpforms-field wpforms-field-radio wpforms-list-2-columns wpforms-conditional-field wpforms-conditional-show\" data-field-id=\"14\" style=\"display:none;\"><label class=\"wpforms-field-label\">Possui plano de sa\u00fade atualmente?<\/label><ul id=\"wpforms-62457-field_14\"><li class=\"choice-1 depth-1\"><input type=\"radio\" id=\"wpforms-62457-field_14_1\" name=\"wpforms[fields][14]\" value=\"Sim\"  ><label class=\"wpforms-field-label-inline\" for=\"wpforms-62457-field_14_1\">Sim<\/label><\/li><li class=\"choice-2 depth-1\"><input type=\"radio\" id=\"wpforms-62457-field_14_2\" name=\"wpforms[fields][14]\" value=\"N\u00e3o\"  ><label class=\"wpforms-field-label-inline\" for=\"wpforms-62457-field_14_2\">N\u00e3o<\/label><\/li><\/ul><\/div><div id=\"wpforms-62457-field_19-container\" class=\"wpforms-field wpforms-field-text\" data-field-id=\"19\"><label class=\"wpforms-field-label wpforms-label-hide\" for=\"wpforms-62457-field_19\">Especifique o plano de Sa\u00fade<\/label><input type=\"text\" id=\"wpforms-62457-field_19\" class=\"wpforms-field-large\" name=\"wpforms[fields][19]\" placeholder=\"Especifique o plano de Sa\u00fade\" ><\/div><\/div><!-- .wpforms-field-container --><div class=\"wpforms-field wpforms-field-hp\"><label for=\"wpforms-62457-field-hp\" class=\"wpforms-field-label\">Comment<\/label><input type=\"text\" name=\"wpforms[hp]\" id=\"wpforms-62457-field-hp\" class=\"wpforms-field-medium\"><\/div><div class=\"wpforms-submit-container\" ><input type=\"hidden\" name=\"wpforms[id]\" value=\"62457\"><input type=\"hidden\" name=\"page_title\" value=\"\"><input type=\"hidden\" name=\"page_url\" value=\"https:\/\/vendas.compareplanodesaude.com.br\/sulamerica-saude\/wp-json\/wp\/v2\/pages\/62464\"><input type=\"hidden\" name=\"url_referer\" value=\"\"><button type=\"submit\" name=\"wpforms[submit]\" id=\"wpforms-submit-62457\" class=\"wpforms-submit btn btn-secondary\" data-alt-text=\"Enviando...\" data-submit-text=\"Enviar\" aria-live=\"assertive\" value=\"wpforms-submit\">Enviar<\/button><\/div><\/form><\/div>  <!-- .wpforms-container -->\t\t\t\t<\/div>\n\t\t\t\t<\/div>\n\t\t\t\t\t<\/div>\n\t\t<\/div>\n\t\t\t\t\t<\/div>\n\t\t<\/section>\n\t\t\t\t<\/div>\n\t\t","protected":false},"excerpt":{"rendered":"<p>Torne-se cliente! Preencha o formul\u00e1rio e torne-se um benefici\u00e1rio do Plano de Sa\u00fade SulAm\u00e9rica com a Compare Plano de Sa\u00fade. Ative o JavaScript no seu navegador para preencher este formul\u00e1rio.Nome *e-mail *telefone *celular * Escolha o tipo do Plano Escolha o tipo do Plano * Empresarial Individual e Familiar N\u00famero de vidas * 1 at\u00e9 [&hellip;]<\/p>\n","protected":false},"author":1,"featured_media":0,"parent":0,"menu_order":0,"comment_status":"closed","ping_status":"closed","template":"","meta":{"_monsterinsights_skip_tracking":false,"_monsterinsights_sitenote_active":false,"_monsterinsights_sitenote_note":"","_monsterinsights_sitenote_category":0,"footnotes":""},"class_list":["post-62464","page","type-page","status-publish","hentry"],"yoast_head":"<!-- This site is optimized with the Yoast SEO plugin v26.3 - https:\/\/yoast.com\/wordpress\/plugins\/seo\/ -->\n<title>SulAm\u00e9rica Sa\u00fade - Torne-se Cliente da SulAm\u00e9rica<\/title>\n<meta name=\"description\" content=\"Entre em Contato com a SulAm\u00e9rica Sa\u00fade e Confira os Melhores Planos de Sa\u00fade com Descontos. Torne-se Cliente da SulAm\u00e9rica.\" \/>\n<meta name=\"robots\" content=\"index, follow, max-snippet:-1, max-image-preview:large, max-video-preview:-1\" \/>\n<link rel=\"canonical\" href=\"https:\/\/vendas.compareplanodesaude.com.br\/sulamerica-saude\/torne-se-cliente\/\" \/>\n<meta property=\"og:locale\" content=\"pt_BR\" \/>\n<meta property=\"og:type\" content=\"article\" \/>\n<meta property=\"og:title\" content=\"SulAm\u00e9rica Sa\u00fade - Torne-se Cliente da SulAm\u00e9rica\" \/>\n<meta property=\"og:description\" content=\"Entre em Contato com a SulAm\u00e9rica Sa\u00fade e Confira os Melhores Planos de Sa\u00fade com Descontos. Torne-se Cliente da SulAm\u00e9rica.\" \/>\n<meta property=\"og:url\" content=\"https:\/\/vendas.compareplanodesaude.com.br\/sulamerica-saude\/torne-se-cliente\/\" \/>\n<meta property=\"og:site_name\" content=\"Sulam\u00e9rica - Planos de Sa\u00fade com at\u00e9 50% de desconto\" \/>\n<meta property=\"article:modified_time\" content=\"2026-02-26T17:41:26+00:00\" \/>\n<meta name=\"twitter:card\" content=\"summary_large_image\" \/>\n<meta name=\"twitter:label1\" content=\"Est. tempo de leitura\" \/>\n\t<meta name=\"twitter:data1\" content=\"1 minuto\" \/>\n<script type=\"application\/ld+json\" class=\"yoast-schema-graph\">{\"@context\":\"https:\/\/schema.org\",\"@graph\":[{\"@type\":\"WebPage\",\"@id\":\"https:\/\/vendas.compareplanodesaude.com.br\/sulamerica-saude\/torne-se-cliente\/\",\"url\":\"https:\/\/vendas.compareplanodesaude.com.br\/sulamerica-saude\/torne-se-cliente\/\",\"name\":\"SulAm\u00e9rica Sa\u00fade - Torne-se Cliente da SulAm\u00e9rica\",\"isPartOf\":{\"@id\":\"https:\/\/vendas.compareplanodesaude.com.br\/sulamerica-saude\/#website\"},\"datePublished\":\"2019-06-11T18:48:58+00:00\",\"dateModified\":\"2026-02-26T17:41:26+00:00\",\"description\":\"Entre em Contato com a SulAm\u00e9rica Sa\u00fade e Confira os Melhores Planos de Sa\u00fade com Descontos. Torne-se Cliente da SulAm\u00e9rica.\",\"inLanguage\":\"pt-BR\",\"potentialAction\":[{\"@type\":\"ReadAction\",\"target\":[\"https:\/\/vendas.compareplanodesaude.com.br\/sulamerica-saude\/torne-se-cliente\/\"]}]},{\"@type\":\"WebSite\",\"@id\":\"https:\/\/vendas.compareplanodesaude.com.br\/sulamerica-saude\/#website\",\"url\":\"https:\/\/vendas.compareplanodesaude.com.br\/sulamerica-saude\/\",\"name\":\"Sulam\u00e9rica - Planos de Sa\u00fade com at\u00e9 50% de desconto\",\"description\":\"Planos de Sa\u00fade Sulam\u00e9rica\",\"potentialAction\":[{\"@type\":\"SearchAction\",\"target\":{\"@type\":\"EntryPoint\",\"urlTemplate\":\"https:\/\/vendas.compareplanodesaude.com.br\/sulamerica-saude\/?s={search_term_string}\"},\"query-input\":{\"@type\":\"PropertyValueSpecification\",\"valueRequired\":true,\"valueName\":\"search_term_string\"}}],\"inLanguage\":\"pt-BR\"}]}<\/script>\n<!-- \/ Yoast SEO plugin. -->","yoast_head_json":{"title":"SulAm\u00e9rica Sa\u00fade - Torne-se Cliente da SulAm\u00e9rica","description":"Entre em Contato com a SulAm\u00e9rica Sa\u00fade e Confira os Melhores Planos de Sa\u00fade com Descontos. Torne-se Cliente da SulAm\u00e9rica.","robots":{"index":"index","follow":"follow","max-snippet":"max-snippet:-1","max-image-preview":"max-image-preview:large","max-video-preview":"max-video-preview:-1"},"canonical":"https:\/\/vendas.compareplanodesaude.com.br\/sulamerica-saude\/torne-se-cliente\/","og_locale":"pt_BR","og_type":"article","og_title":"SulAm\u00e9rica Sa\u00fade - Torne-se Cliente da SulAm\u00e9rica","og_description":"Entre em Contato com a SulAm\u00e9rica Sa\u00fade e Confira os Melhores Planos de Sa\u00fade com Descontos. Torne-se Cliente da SulAm\u00e9rica.","og_url":"https:\/\/vendas.compareplanodesaude.com.br\/sulamerica-saude\/torne-se-cliente\/","og_site_name":"Sulam\u00e9rica - Planos de Sa\u00fade com at\u00e9 50% de desconto","article_modified_time":"2026-02-26T17:41:26+00:00","twitter_card":"summary_large_image","twitter_misc":{"Est. tempo de leitura":"1 minuto"},"schema":{"@context":"https:\/\/schema.org","@graph":[{"@type":"WebPage","@id":"https:\/\/vendas.compareplanodesaude.com.br\/sulamerica-saude\/torne-se-cliente\/","url":"https:\/\/vendas.compareplanodesaude.com.br\/sulamerica-saude\/torne-se-cliente\/","name":"SulAm\u00e9rica Sa\u00fade - Torne-se Cliente da SulAm\u00e9rica","isPartOf":{"@id":"https:\/\/vendas.compareplanodesaude.com.br\/sulamerica-saude\/#website"},"datePublished":"2019-06-11T18:48:58+00:00","dateModified":"2026-02-26T17:41:26+00:00","description":"Entre em Contato com a SulAm\u00e9rica Sa\u00fade e Confira os Melhores Planos de Sa\u00fade com Descontos. Torne-se Cliente da SulAm\u00e9rica.","inLanguage":"pt-BR","potentialAction":[{"@type":"ReadAction","target":["https:\/\/vendas.compareplanodesaude.com.br\/sulamerica-saude\/torne-se-cliente\/"]}]},{"@type":"WebSite","@id":"https:\/\/vendas.compareplanodesaude.com.br\/sulamerica-saude\/#website","url":"https:\/\/vendas.compareplanodesaude.com.br\/sulamerica-saude\/","name":"Sulam\u00e9rica - Planos de Sa\u00fade com at\u00e9 50% de desconto","description":"Planos de Sa\u00fade Sulam\u00e9rica","potentialAction":[{"@type":"SearchAction","target":{"@type":"EntryPoint","urlTemplate":"https:\/\/vendas.compareplanodesaude.com.br\/sulamerica-saude\/?s={search_term_string}"},"query-input":{"@type":"PropertyValueSpecification","valueRequired":true,"valueName":"search_term_string"}}],"inLanguage":"pt-BR"}]}},"_links":{"self":[{"href":"https:\/\/vendas.compareplanodesaude.com.br\/sulamerica-saude\/wp-json\/wp\/v2\/pages\/62464","targetHints":{"allow":["GET"]}}],"collection":[{"href":"https:\/\/vendas.compareplanodesaude.com.br\/sulamerica-saude\/wp-json\/wp\/v2\/pages"}],"about":[{"href":"https:\/\/vendas.compareplanodesaude.com.br\/sulamerica-saude\/wp-json\/wp\/v2\/types\/page"}],"author":[{"embeddable":true,"href":"https:\/\/vendas.compareplanodesaude.com.br\/sulamerica-saude\/wp-json\/wp\/v2\/users\/1"}],"replies":[{"embeddable":true,"href":"https:\/\/vendas.compareplanodesaude.com.br\/sulamerica-saude\/wp-json\/wp\/v2\/comments?post=62464"}],"version-history":[{"count":6,"href":"https:\/\/vendas.compareplanodesaude.com.br\/sulamerica-saude\/wp-json\/wp\/v2\/pages\/62464\/revisions"}],"predecessor-version":[{"id":99723,"href":"https:\/\/vendas.compareplanodesaude.com.br\/sulamerica-saude\/wp-json\/wp\/v2\/pages\/62464\/revisions\/99723"}],"wp:attachment":[{"href":"https:\/\/vendas.compareplanodesaude.com.br\/sulamerica-saude\/wp-json\/wp\/v2\/media?parent=62464"}],"curies":[{"name":"wp","href":"https:\/\/api.w.org\/{rel}","templated":true}]}}